{"id":175,"date":"2018-04-10T17:28:00","date_gmt":"2018-04-10T16:28:00","guid":{"rendered":"http:\/\/stoffe-boox.de\/wp\/?page_id=175"},"modified":"2025-02-07T20:01:26","modified_gmt":"2025-02-07T19:01:26","slug":"warum-stoffe-boox","status":"publish","type":"page","link":"http:\/\/stoffe-boox.de\/wp\/?page_id=175","title":{"rendered":"Warum Stoffe Boox?"},"content":{"rendered":"<p data-sourcepos=\"1:1-1:258\">In der heutigen Zeit, in der der Markt von einer Vielzahl von Anbietern \u00fcberschwemmt wird, ist die Wahl des richtigen Lieferanten f\u00fcr Samt keine leichte Aufgabe. Wir verstehen das und m\u00f6chten Ihnen gerne erl\u00e4utern, warum Sie sich f\u00fcr uns entscheiden sollten:<\/p>\n<p data-sourcepos=\"3:1-3:62\"><strong>1. Sofortige Verf\u00fcgbarkeit und keine Mindestabnahmemengen:<\/strong><\/p>\n<p data-sourcepos=\"5:1-5:95\">Unser eigenes Warenlager beherbergt st\u00e4ndig die 20 g\u00e4ngigsten Samtfarben. Das bedeutet f\u00fcr Sie:<\/p>\n<ul data-sourcepos=\"7:1-9:0\">\n<li data-sourcepos=\"7:1-7:79\"><strong>Keine Wartezeiten:<\/strong> Ihre Bestellung wird umgehend bearbeitet und versandt.<\/li>\n<li data-sourcepos=\"8:1-9:0\"><strong>Flexibilit\u00e4t:<\/strong> Sie bestimmen die Menge, die Sie ben\u00f6tigen \u2013 ohne Mindestabnahme.<\/li>\n<\/ul>\n<p data-sourcepos=\"10:1-10:28\"><strong>2. Kostenlose Farbkarte:<\/strong><\/p>\n<p data-sourcepos=\"12:1-12:153\">\u00dcberzeugen Sie sich selbst von der Qualit\u00e4t und der Farbbrillanz unseres Samts! Fordern Sie noch heute unsere kostenlose und unverbindliche Farbkarte an.<\/p>\n<p data-sourcepos=\"14:1-14:32\"><strong>3. Individuelle Farbw\u00fcnsche:<\/strong><\/p>\n<p data-sourcepos=\"16:1-16:212\">Sie suchen nach einer ganz bestimmten Farbe, die in unserem Sortiment nicht enthalten ist? Kein Problem! Dank unseres engen Kontakts zum Hersteller k\u00f6nnen wir auch Sonderfarben und nicht gelistete Farben liefern.<\/p>\n<p data-sourcepos=\"18:1-18:35\"><strong>4. Ma\u00dfgeschneiderte Produktion:<\/strong><\/p>\n<p data-sourcepos=\"20:1-20:273\">Sie haben eine ganz genaue Vorstellung von Ihrem Samtstoff? Wir machen es m\u00f6glich! Senden Sie uns Ihre Farbvorlage und wir k\u00fcmmern uns um die Abstimmung mit dem Labor und der Produktion. So erhalten Sie Ihren individuellen Samt in Ihren Firmen-, Gruppen- oder Wunschfarben.<\/p>\n<p data-sourcepos=\"22:1-22:38\"><strong>5. Unser Leistungsangebot f\u00fcr Sie:<\/strong><\/p>\n<ul data-sourcepos=\"24:1-28:0\">\n<li data-sourcepos=\"24:1-24:73\"><strong>Universalsamt in h\u00f6chster Qualit\u00e4t:<\/strong> Wir bieten Ihnen nur das Beste!<\/li>\n<li data-sourcepos=\"25:1-25:112\"><strong>Schnelle Lieferung:<\/strong> Dank unserer Lagerhaltung k\u00f6nnen wir Ihre Bestellung schnell bearbeiten und versenden.<\/li>\n<li data-sourcepos=\"26:1-26:124\"><strong>Faire Versandkosten:<\/strong> Bei uns gibt es keine versteckten Kosten. Wir berechnen faire und auftragsbezogene Versandkosten.<\/li>\n<li data-sourcepos=\"27:1-28:0\"><strong>Unkomplizierte Bestellung:<\/strong> Bestellen Sie ganz einfach per E-Mail, Fax oder Telefon.<\/li>\n<\/ul>\n<p data-sourcepos=\"29:1-29:28\"><strong>6. Pers\u00f6nlicher Kontakt:<\/strong><\/p>\n<p data-sourcepos=\"31:1-31:111\">Wir sind f\u00fcr Sie da! Bei Fragen oder W\u00fcnschen stehen wir Ihnen gerne telefonisch oder per E-Mail zur Verf\u00fcgung.<\/p>\n<p data-sourcepos=\"33:1-33:10\"><strong>Fazit:<\/strong><\/p>\n<p data-sourcepos=\"35:1-35:91\">Wir sind Ihr zuverl\u00e4ssiger Partner f\u00fcr hochwertigen Samtstoff. Mit uns profitieren Sie von:<\/p>\n<ul data-sourcepos=\"37:1-41:0\">\n<li data-sourcepos=\"37:1-37:30\"><strong>Sofortiger Verf\u00fcgbarkeit<\/strong><\/li>\n<li data-sourcepos=\"38:1-38:18\"><strong>Flexibilit\u00e4t<\/strong><\/li>\n<li data-sourcepos=\"39:1-39:28\"><strong>individuellen L\u00f6sungen<\/strong><\/li>\n<li data-sourcepos=\"40:1-41:0\"><strong>pers\u00f6nlichem Service<\/strong><\/li>\n<\/ul>\n<p data-sourcepos=\"42:1-42:36\"><strong>Kontaktieren Sie uns noch heute!<\/strong><\/p>\n<p data-sourcepos=\"44:1-44:137\">Wir freuen uns darauf, von Ihnen zu h\u00f6ren und Ihnen bei der Verwirklichung Ihrer Projekte mit hochwertigem Samtstoff zur Seite zu stehen.<\/p>\n<div><\/div>\n<div>\n<div style=\"width: 257px\" class=\"wp-caption alignright\"><img data-recalc-dims=\"1\" fetchpriority=\"high\" decoding=\"async\" src=\"https:\/\/i0.wp.com\/stoffe-boox.de\/wp\/wp-content\/uploads\/2018\/04\/1492665_518289851618872_948026023_o.jpg?resize=247%2C213\" alt=\"Baumwollsamt - 513\" width=\"247\" height=\"213\" \/><p class=\"wp-caption-text\">Baumwollsamt &#8211; 513<\/p><\/div>\n<\/div>\n","protected":false},"excerpt":{"rendered":"<p>In der heutigen Zeit, in der der Markt von einer Vielzahl von Anbietern \u00fcberschwemmt wird, ist die Wahl des richtigen Lieferanten f\u00fcr Samt keine leichte Aufgabe. Wir verstehen das und m\u00f6chten Ihnen gerne erl\u00e4utern, warum Sie sich f\u00fcr uns entscheiden sollten: 1. Sofortige Verf\u00fcgbarkeit und keine Mindestabnahmemengen: Unser eigenes Warenlager beherbergt st\u00e4ndig die 20 g\u00e4ngigsten Samtfarben. Das bedeutet f\u00fcr Sie: Keine Wartezeiten: Ihre Bestellung wird umgehend bearbeitet und versandt. Flexibilit\u00e4t: Sie bestimmen die Menge, die Sie ben\u00f6tigen \u2013 ohne Mindestabnahme. [&hellip;]<\/p>\n","protected":false},"author":1,"featured_media":0,"parent":0,"menu_order":0,"comment_status":"closed","ping_status":"closed","template":"template-fullwidth.php","meta":{"footnotes":""},"class_list":["post-175","page","type-page","status-publish","hentry"],"yoast_head":"<!-- This site is optimized with the Yoast SEO plugin v26.8 - https:\/\/yoast.com\/product\/yoast-seo-wordpress\/ -->\n<title>Warum Stoffe Boox? &#8211; Stoffe-Boox<\/title>\n<meta name=\"robots\" content=\"index, follow, max-snippet:-1, max-image-preview:large, max-video-preview:-1\" \/>\n<link rel=\"canonical\" href=\"http:\/\/stoffe-boox.de\/wp\/?page_id=175\" \/>\n<meta property=\"og:locale\" content=\"de_DE\" \/>\n<meta property=\"og:type\" content=\"article\" \/>\n<meta property=\"og:title\" content=\"Warum Stoffe Boox? &#8211; Stoffe-Boox\" \/>\n<meta property=\"og:description\" content=\"In der heutigen Zeit, in der der Markt von einer Vielzahl von Anbietern \u00fcberschwemmt wird, ist die Wahl des richtigen Lieferanten f\u00fcr Samt keine leichte Aufgabe. Wir verstehen das und m\u00f6chten Ihnen gerne erl\u00e4utern, warum Sie sich f\u00fcr uns entscheiden sollten: 1. Sofortige Verf\u00fcgbarkeit und keine Mindestabnahmemengen: Unser eigenes Warenlager beherbergt st\u00e4ndig die 20 g\u00e4ngigsten Samtfarben. Das bedeutet f\u00fcr Sie: Keine Wartezeiten: Ihre Bestellung wird umgehend bearbeitet und versandt. Flexibilit\u00e4t: Sie bestimmen die Menge, die Sie ben\u00f6tigen \u2013 ohne Mindestabnahme. [&hellip;]\" \/>\n<meta property=\"og:url\" content=\"http:\/\/stoffe-boox.de\/wp\/?page_id=175\" \/>\n<meta property=\"og:site_name\" content=\"Stoffe-Boox\" \/>\n<meta property=\"article:publisher\" content=\"https:\/\/www.facebook.com\/pages\/Stoffe-Boox\/517305305050660\" \/>\n<meta property=\"article:modified_time\" content=\"2025-02-07T19:01:26+00:00\" \/>\n<meta property=\"og:image\" content=\"http:\/\/stoffe-boox.de\/wp\/wp-content\/uploads\/2018\/04\/1492665_518289851618872_948026023_o.jpg\" \/>\n<meta name=\"twitter:label1\" content=\"Gesch\u00e4tzte Lesezeit\" \/>\n\t<meta name=\"twitter:data1\" content=\"2\u00a0Minuten\" \/>\n<script type=\"application\/ld+json\" class=\"yoast-schema-graph\">{\"@context\":\"https:\/\/schema.org\",\"@graph\":[{\"@type\":\"WebPage\",\"@id\":\"http:\/\/stoffe-boox.de\/wp\/?page_id=175\",\"url\":\"http:\/\/stoffe-boox.de\/wp\/?page_id=175\",\"name\":\"Warum Stoffe Boox? &#8211; Stoffe-Boox\",\"isPartOf\":{\"@id\":\"http:\/\/stoffe-boox.de\/wp\/#website\"},\"primaryImageOfPage\":{\"@id\":\"http:\/\/stoffe-boox.de\/wp\/?page_id=175#primaryimage\"},\"image\":{\"@id\":\"http:\/\/stoffe-boox.de\/wp\/?page_id=175#primaryimage\"},\"thumbnailUrl\":\"http:\/\/stoffe-boox.de\/wp\/wp-content\/uploads\/2018\/04\/1492665_518289851618872_948026023_o.jpg\",\"datePublished\":\"2018-04-10T16:28:00+00:00\",\"dateModified\":\"2025-02-07T19:01:26+00:00\",\"breadcrumb\":{\"@id\":\"http:\/\/stoffe-boox.de\/wp\/?page_id=175#breadcrumb\"},\"inLanguage\":\"de\",\"potentialAction\":[{\"@type\":\"ReadAction\",\"target\":[\"http:\/\/stoffe-boox.de\/wp\/?page_id=175\"]}]},{\"@type\":\"ImageObject\",\"inLanguage\":\"de\",\"@id\":\"http:\/\/stoffe-boox.de\/wp\/?page_id=175#primaryimage\",\"url\":\"http:\/\/stoffe-boox.de\/wp\/wp-content\/uploads\/2018\/04\/1492665_518289851618872_948026023_o.jpg\",\"contentUrl\":\"http:\/\/stoffe-boox.de\/wp\/wp-content\/uploads\/2018\/04\/1492665_518289851618872_948026023_o.jpg\"},{\"@type\":\"BreadcrumbList\",\"@id\":\"http:\/\/stoffe-boox.de\/wp\/?page_id=175#breadcrumb\",\"itemListElement\":[{\"@type\":\"ListItem\",\"position\":1,\"name\":\"Home\",\"item\":\"http:\/\/stoffe-boox.de\/wp\"},{\"@type\":\"ListItem\",\"position\":2,\"name\":\"Warum Stoffe Boox?\"}]},{\"@type\":\"WebSite\",\"@id\":\"http:\/\/stoffe-boox.de\/wp\/#website\",\"url\":\"http:\/\/stoffe-boox.de\/wp\/\",\"name\":\"Stoffe Boox\",\"description\":\"Textilgrosshandel\",\"potentialAction\":[{\"@type\":\"SearchAction\",\"target\":{\"@type\":\"EntryPoint\",\"urlTemplate\":\"http:\/\/stoffe-boox.de\/wp\/?s={search_term_string}\"},\"query-input\":{\"@type\":\"PropertyValueSpecification\",\"valueRequired\":true,\"valueName\":\"search_term_string\"}}],\"inLanguage\":\"de\"}]}<\/script>\n<!-- \/ Yoast SEO plugin. -->","yoast_head_json":{"title":"Warum Stoffe Boox? &#8211; Stoffe-Boox","robots":{"index":"index","follow":"follow","max-snippet":"max-snippet:-1","max-image-preview":"max-image-preview:large","max-video-preview":"max-video-preview:-1"},"canonical":"http:\/\/stoffe-boox.de\/wp\/?page_id=175","og_locale":"de_DE","og_type":"article","og_title":"Warum Stoffe Boox? &#8211; Stoffe-Boox","og_description":"In der heutigen Zeit, in der der Markt von einer Vielzahl von Anbietern \u00fcberschwemmt wird, ist die Wahl des richtigen Lieferanten f\u00fcr Samt keine leichte Aufgabe. Wir verstehen das und m\u00f6chten Ihnen gerne erl\u00e4utern, warum Sie sich f\u00fcr uns entscheiden sollten: 1. Sofortige Verf\u00fcgbarkeit und keine Mindestabnahmemengen: Unser eigenes Warenlager beherbergt st\u00e4ndig die 20 g\u00e4ngigsten Samtfarben. Das bedeutet f\u00fcr Sie: Keine Wartezeiten: Ihre Bestellung wird umgehend bearbeitet und versandt. Flexibilit\u00e4t: Sie bestimmen die Menge, die Sie ben\u00f6tigen \u2013 ohne Mindestabnahme. [&hellip;]","og_url":"http:\/\/stoffe-boox.de\/wp\/?page_id=175","og_site_name":"Stoffe-Boox","article_publisher":"https:\/\/www.facebook.com\/pages\/Stoffe-Boox\/517305305050660","article_modified_time":"2025-02-07T19:01:26+00:00","og_image":[{"url":"http:\/\/stoffe-boox.de\/wp\/wp-content\/uploads\/2018\/04\/1492665_518289851618872_948026023_o.jpg","type":"","width":"","height":""}],"twitter_misc":{"Gesch\u00e4tzte Lesezeit":"2\u00a0Minuten"},"schema":{"@context":"https:\/\/schema.org","@graph":[{"@type":"WebPage","@id":"http:\/\/stoffe-boox.de\/wp\/?page_id=175","url":"http:\/\/stoffe-boox.de\/wp\/?page_id=175","name":"Warum Stoffe Boox? &#8211; Stoffe-Boox","isPartOf":{"@id":"http:\/\/stoffe-boox.de\/wp\/#website"},"primaryImageOfPage":{"@id":"http:\/\/stoffe-boox.de\/wp\/?page_id=175#primaryimage"},"image":{"@id":"http:\/\/stoffe-boox.de\/wp\/?page_id=175#primaryimage"},"thumbnailUrl":"http:\/\/stoffe-boox.de\/wp\/wp-content\/uploads\/2018\/04\/1492665_518289851618872_948026023_o.jpg","datePublished":"2018-04-10T16:28:00+00:00","dateModified":"2025-02-07T19:01:26+00:00","breadcrumb":{"@id":"http:\/\/stoffe-boox.de\/wp\/?page_id=175#breadcrumb"},"inLanguage":"de","potentialAction":[{"@type":"ReadAction","target":["http:\/\/stoffe-boox.de\/wp\/?page_id=175"]}]},{"@type":"ImageObject","inLanguage":"de","@id":"http:\/\/stoffe-boox.de\/wp\/?page_id=175#primaryimage","url":"http:\/\/stoffe-boox.de\/wp\/wp-content\/uploads\/2018\/04\/1492665_518289851618872_948026023_o.jpg","contentUrl":"http:\/\/stoffe-boox.de\/wp\/wp-content\/uploads\/2018\/04\/1492665_518289851618872_948026023_o.jpg"},{"@type":"BreadcrumbList","@id":"http:\/\/stoffe-boox.de\/wp\/?page_id=175#breadcrumb","itemListElement":[{"@type":"ListItem","position":1,"name":"Home","item":"http:\/\/stoffe-boox.de\/wp"},{"@type":"ListItem","position":2,"name":"Warum Stoffe Boox?"}]},{"@type":"WebSite","@id":"http:\/\/stoffe-boox.de\/wp\/#website","url":"http:\/\/stoffe-boox.de\/wp\/","name":"Stoffe Boox","description":"Textilgrosshandel","potentialAction":[{"@type":"SearchAction","target":{"@type":"EntryPoint","urlTemplate":"http:\/\/stoffe-boox.de\/wp\/?s={search_term_string}"},"query-input":{"@type":"PropertyValueSpecification","valueRequired":true,"valueName":"search_term_string"}}],"inLanguage":"de"}]}},"jetpack_sharing_enabled":true,"_links":{"self":[{"href":"http:\/\/stoffe-boox.de\/wp\/index.php?rest_route=\/wp\/v2\/pages\/175","targetHints":{"allow":["GET"]}}],"collection":[{"href":"http:\/\/stoffe-boox.de\/wp\/index.php?rest_route=\/wp\/v2\/pages"}],"about":[{"href":"http:\/\/stoffe-boox.de\/wp\/index.php?rest_route=\/wp\/v2\/types\/page"}],"author":[{"embeddable":true,"href":"http:\/\/stoffe-boox.de\/wp\/index.php?rest_route=\/wp\/v2\/users\/1"}],"replies":[{"embeddable":true,"href":"http:\/\/stoffe-boox.de\/wp\/index.php?rest_route=%2Fwp%2Fv2%2Fcomments&post=175"}],"version-history":[{"count":11,"href":"http:\/\/stoffe-boox.de\/wp\/index.php?rest_route=\/wp\/v2\/pages\/175\/revisions"}],"predecessor-version":[{"id":332,"href":"http:\/\/stoffe-boox.de\/wp\/index.php?rest_route=\/wp\/v2\/pages\/175\/revisions\/332"}],"wp:attachment":[{"href":"http:\/\/stoffe-boox.de\/wp\/index.php?rest_route=%2Fwp%2Fv2%2Fmedia&parent=175"}],"curies":[{"name":"wp","href":"https:\/\/api.w.org\/{rel}","templated":true}]}}