{"id":86,"date":"2013-12-18T16:14:25","date_gmt":"2013-12-18T15:14:25","guid":{"rendered":"http:\/\/stoffe-boox.de\/wp\/?page_id=86"},"modified":"2025-02-07T19:17:50","modified_gmt":"2025-02-07T18:17:50","slug":"samt","status":"publish","type":"page","link":"http:\/\/stoffe-boox.de\/wp\/?page_id=86","title":{"rendered":"Baumwollsamt"},"content":{"rendered":"<blockquote>\n\n\t\t<style type=\"text\/css\">\n\t\t\t#gallery-1 {\n\t\t\t\tmargin: auto;\n\t\t\t}\n\t\t\t#gallery-1 .gallery-item {\n\t\t\t\tfloat: left;\n\t\t\t\tmargin-top: 10px;\n\t\t\t\ttext-align: center;\n\t\t\t\twidth: 16%;\n\t\t\t}\n\t\t\t#gallery-1 img {\n\t\t\t\tborder: 2px solid #cfcfcf;\n\t\t\t}\n\t\t\t#gallery-1 .gallery-caption {\n\t\t\t\tmargin-left: 0;\n\t\t\t}\n\t\t\t\/* see gallery_shortcode() in wp-includes\/media.php *\/\n\t\t<\/style>\n\t\t<div id='gallery-1' class='gallery galleryid-86 gallery-columns-6 gallery-size-thumbnail'><dl class='gallery-item'>\n\t\t\t<dt class='gallery-icon portrait'>\n\t\t\t\t<a href='http:\/\/stoffe-boox.de\/wp\/?attachment_id=229'><img decoding=\"async\" width=\"150\" height=\"150\" src=\"https:\/\/i0.wp.com\/stoffe-boox.de\/wp\/wp-content\/uploads\/2022\/02\/7011.jpg?resize=150%2C150\" class=\"attachment-thumbnail size-thumbnail\" alt=\"\" srcset=\"https:\/\/i0.wp.com\/stoffe-boox.de\/wp\/wp-content\/uploads\/2022\/02\/7011.jpg?resize=150%2C150 150w, https:\/\/i0.wp.com\/stoffe-boox.de\/wp\/wp-content\/uploads\/2022\/02\/7011.jpg?zoom=2&amp;resize=150%2C150 300w, https:\/\/i0.wp.com\/stoffe-boox.de\/wp\/wp-content\/uploads\/2022\/02\/7011.jpg?zoom=3&amp;resize=150%2C150 450w\" sizes=\"(max-width: 150px) 100vw, 150px\" \/><\/a>\n\t\t\t<\/dt><\/dl><dl class='gallery-item'>\n\t\t\t<dt class='gallery-icon portrait'>\n\t\t\t\t<a href='http:\/\/stoffe-boox.de\/wp\/?attachment_id=230'><img decoding=\"async\" width=\"150\" height=\"150\" src=\"https:\/\/i0.wp.com\/stoffe-boox.de\/wp\/wp-content\/uploads\/2022\/02\/3212.jpg?resize=150%2C150\" class=\"attachment-thumbnail size-thumbnail\" alt=\"\" srcset=\"https:\/\/i0.wp.com\/stoffe-boox.de\/wp\/wp-content\/uploads\/2022\/02\/3212.jpg?resize=150%2C150 150w, https:\/\/i0.wp.com\/stoffe-boox.de\/wp\/wp-content\/uploads\/2022\/02\/3212.jpg?zoom=2&amp;resize=150%2C150 300w, https:\/\/i0.wp.com\/stoffe-boox.de\/wp\/wp-content\/uploads\/2022\/02\/3212.jpg?zoom=3&amp;resize=150%2C150 450w\" sizes=\"(max-width: 150px) 100vw, 150px\" \/><\/a>\n\t\t\t<\/dt><\/dl><dl class='gallery-item'>\n\t\t\t<dt class='gallery-icon portrait'>\n\t\t\t\t<a href='http:\/\/stoffe-boox.de\/wp\/?attachment_id=231'><img decoding=\"async\" width=\"150\" height=\"150\" src=\"https:\/\/i0.wp.com\/stoffe-boox.de\/wp\/wp-content\/uploads\/2022\/02\/41513.jpg?resize=150%2C150\" class=\"attachment-thumbnail size-thumbnail\" alt=\"\" srcset=\"https:\/\/i0.wp.com\/stoffe-boox.de\/wp\/wp-content\/uploads\/2022\/02\/41513.jpg?resize=150%2C150 150w, https:\/\/i0.wp.com\/stoffe-boox.de\/wp\/wp-content\/uploads\/2022\/02\/41513.jpg?zoom=2&amp;resize=150%2C150 300w, https:\/\/i0.wp.com\/stoffe-boox.de\/wp\/wp-content\/uploads\/2022\/02\/41513.jpg?zoom=3&amp;resize=150%2C150 450w\" sizes=\"(max-width: 150px) 100vw, 150px\" \/><\/a>\n\t\t\t<\/dt><\/dl><dl class='gallery-item'>\n\t\t\t<dt class='gallery-icon portrait'>\n\t\t\t\t<a href='http:\/\/stoffe-boox.de\/wp\/?attachment_id=232'><img loading=\"lazy\" decoding=\"async\" width=\"150\" height=\"150\" src=\"https:\/\/i0.wp.com\/stoffe-boox.de\/wp\/wp-content\/uploads\/2022\/02\/4944.jpg?resize=150%2C150\" class=\"attachment-thumbnail size-thumbnail\" alt=\"\" srcset=\"https:\/\/i0.wp.com\/stoffe-boox.de\/wp\/wp-content\/uploads\/2022\/02\/4944.jpg?resize=150%2C150 150w, https:\/\/i0.wp.com\/stoffe-boox.de\/wp\/wp-content\/uploads\/2022\/02\/4944.jpg?zoom=2&amp;resize=150%2C150 300w, https:\/\/i0.wp.com\/stoffe-boox.de\/wp\/wp-content\/uploads\/2022\/02\/4944.jpg?zoom=3&amp;resize=150%2C150 450w\" sizes=\"(max-width: 150px) 100vw, 150px\" \/><\/a>\n\t\t\t<\/dt><\/dl><dl class='gallery-item'>\n\t\t\t<dt class='gallery-icon portrait'>\n\t\t\t\t<a href='http:\/\/stoffe-boox.de\/wp\/?attachment_id=233'><img loading=\"lazy\" decoding=\"async\" width=\"150\" height=\"150\" src=\"https:\/\/i0.wp.com\/stoffe-boox.de\/wp\/wp-content\/uploads\/2022\/02\/543.jpg?resize=150%2C150\" class=\"attachment-thumbnail size-thumbnail\" alt=\"\" srcset=\"https:\/\/i0.wp.com\/stoffe-boox.de\/wp\/wp-content\/uploads\/2022\/02\/543.jpg?resize=150%2C150 150w, https:\/\/i0.wp.com\/stoffe-boox.de\/wp\/wp-content\/uploads\/2022\/02\/543.jpg?zoom=2&amp;resize=150%2C150 300w, https:\/\/i0.wp.com\/stoffe-boox.de\/wp\/wp-content\/uploads\/2022\/02\/543.jpg?zoom=3&amp;resize=150%2C150 450w\" sizes=\"(max-width: 150px) 100vw, 150px\" \/><\/a>\n\t\t\t<\/dt><\/dl><dl class='gallery-item'>\n\t\t\t<dt class='gallery-icon portrait'>\n\t\t\t\t<a href='http:\/\/stoffe-boox.de\/wp\/?attachment_id=234'><img loading=\"lazy\" decoding=\"async\" width=\"150\" height=\"150\" src=\"https:\/\/i0.wp.com\/stoffe-boox.de\/wp\/wp-content\/uploads\/2022\/02\/450.jpg?resize=150%2C150\" class=\"attachment-thumbnail size-thumbnail\" alt=\"\" srcset=\"https:\/\/i0.wp.com\/stoffe-boox.de\/wp\/wp-content\/uploads\/2022\/02\/450.jpg?resize=150%2C150 150w, https:\/\/i0.wp.com\/stoffe-boox.de\/wp\/wp-content\/uploads\/2022\/02\/450.jpg?zoom=2&amp;resize=150%2C150 300w, https:\/\/i0.wp.com\/stoffe-boox.de\/wp\/wp-content\/uploads\/2022\/02\/450.jpg?zoom=3&amp;resize=150%2C150 450w\" sizes=\"(max-width: 150px) 100vw, 150px\" \/><\/a>\n\t\t\t<\/dt><\/dl><br style=\"clear: both\" \/>\n\t\t<\/div>\n\n<\/blockquote>\n<p data-sourcepos=\"3:1-3:71\"><strong>Samtstoff: K\u00f6niglich edel &amp; hochwertig | Meterware &amp; Coupons<\/strong><\/p>\n<p data-sourcepos=\"5:1-5:71\"><strong>Entdecken Sie die luxuri\u00f6se Welt unseres exklusiven Baumwoll-Samts!<\/strong><\/p>\n<p data-sourcepos=\"7:1-7:320\">Samt ist seit Jahrhunderten ein Inbegriff von Eleganz und Prestige. Als &#8222;Stoff der K\u00f6nige und Kaiser&#8220; bekannt, veredelt Samt Ihre Projekte und verleiht ihnen einen Hauch von Luxus. Unser hochwertiger Baumwoll-Samt vereint traditionelle Handwerkskunst mit modernen Anforderungen an Funktionalit\u00e4t und zeitloser Sch\u00f6nheit.<\/p>\n<p data-sourcepos=\"9:1-9:34\"><strong>Eigenschaften, die \u00fcberzeugen:<\/strong><\/p>\n<ul data-sourcepos=\"11:1-16:0\">\n<li data-sourcepos=\"11:1-11:117\"><strong>1. Wahl Baumwoll-Samt:<\/strong> Gewebt aus feinsten Baumwollfasern f\u00fcr eine au\u00dfergew\u00f6hnliche Qualit\u00e4t und Langlebigkeit.<\/li>\n<li data-sourcepos=\"12:1-12:138\"><strong>Gewicht:<\/strong> 420-460 g\/m\u00b2 (280-307 g\/m\u00b2). Ein ideales Gewicht f\u00fcr eine Vielzahl von Anwendungen, von Bekleidung bis hin zu Dekorationen.<\/li>\n<li data-sourcepos=\"13:1-13:135\"><strong>Edle Goldkante:<\/strong> Kenner der verschiedenen Samt-Qualit\u00e4ten am Markt wissen, dass die Goldkante f\u00fcr h\u00f6chste Qualit\u00e4t steht.<\/li>\n<li data-sourcepos=\"14:1-14:190\"><strong>Hosenfest, waschbar (30\u00b0C), b\u00fcgelbest\u00e4ndig:<\/strong> Unser Samt ist nicht nur wundersch\u00f6n, sondern auch praktisch und pflegeleicht. Er beh\u00e4lt seine Form und Farbe auch nach mehrmaligem Waschen.<\/li>\n<li data-sourcepos=\"15:1-16:0\"><strong>Meterware nach Bedarf:<\/strong> Wir schneiden den Samtstoff individuell f\u00fcr Sie zu, sodass Sie genau die Menge erhalten, die Sie f\u00fcr Ihr Projekt ben\u00f6tigen.<\/li>\n<\/ul>\n<p data-sourcepos=\"17:1-17:33\"><strong>Vorteile, die Sie begeistern:<\/strong><\/p>\n<ul data-sourcepos=\"19:1-24:0\">\n<li data-sourcepos=\"19:1-19:273\"><strong>Vielseitigkeit ohne Grenzen:<\/strong> Ob f\u00fcr elegante Bekleidung wie Hosen, Jacken oder Kost\u00fcme, f\u00fcr luxuri\u00f6se Dekorationen wie Vorh\u00e4nge oder Kissen, f\u00fcr kunstvolle Stickarbeiten oder f\u00fcr traditionelle Trachtenmode \u2013 Samt ist das Material der Wahl f\u00fcr anspruchsvolle Projekte.<\/li>\n<li data-sourcepos=\"20:1-20:185\"><strong>Exklusivit\u00e4t zum Anfassen:<\/strong> Verleihen Sie Ihren Kreationen einen Hauch von Luxus und Exklusivit\u00e4t. Mit Samtstoffen von uns setzen Sie ein Statement und heben sich von der Masse ab.<\/li>\n<li data-sourcepos=\"21:1-21:124\"><strong>Hochwertigkeit, die man sp\u00fcrt:<\/strong> Baumwoll-Samt steht f\u00fcr Qualit\u00e4t, Langlebigkeit und ein angenehmes Gef\u00fchl auf der Haut.<\/li>\n<li data-sourcepos=\"22:1-22:169\"><strong>Individuelle Farbw\u00fcnsche:<\/strong> W\u00e4hlen Sie aus einer breiten Palette von Farben oder lassen Sie sich von uns beraten, um den perfekten Farbton f\u00fcr Ihr Projekt zu finden.<\/li>\n<li data-sourcepos=\"23:1-24:0\"><strong>Kostenlose Farbmuster:<\/strong> \u00dcberzeugen Sie sich selbst von der Qualit\u00e4t und der Farbbrillanz unseres Samtstoffs. Fordern Sie noch heute kostenlose Farbmuster an und finden Sie den idealen Samt f\u00fcr Ihr Vorhaben.<\/li>\n<\/ul>\n<p data-sourcepos=\"25:1-25:39\"><strong>So finden Sie Ihren perfekten Samt:<\/strong><\/p>\n<ul data-sourcepos=\"27:1-29:0\">\n<li data-sourcepos=\"27:1-27:217\"><strong>Firmenkunden:<\/strong> Als Gewerbetreibender profitieren Sie von unseren attraktiven Konditionen und unserem umfangreichen Sortiment. Kontaktieren Sie uns f\u00fcr individuelle Angebote und Farbkarten: vertrieb@stoffe-boox.de<\/li>\n<li data-sourcepos=\"28:1-29:0\"><strong>Privatkunden:<\/strong> Auch Privatpersonen und Hobby-Schneider k\u00f6nnen unseren hochwertigen Samtstoff erwerben. Besuchen Sie unseren Amazon- oder Etsy-Shop und entdecken Sie die Vielfalt unserer Produkte.<\/li>\n<\/ul>\n<p data-sourcepos=\"30:1-30:27\"><strong>Schnelle Verf\u00fcgbarkeit:<\/strong><\/p>\n<ul data-sourcepos=\"32:1-33:0\">\n<li data-sourcepos=\"32:1-33:0\"><strong>Sofort lieferbar:<\/strong> Viele Farben und Muster sind auf Lager und k\u00f6nnen kurzfristig versendet werden. So k\u00f6nnen Sie Ihr Projekt ohne Verz\u00f6gerung in Angriff nehmen.<\/li>\n<\/ul>\n<p data-sourcepos=\"34:1-34:57\"><strong>Entdecken Sie die unendlichen M\u00f6glichkeiten von Samt!<\/strong><\/p>\n<p>\u00a0<\/p>\n<p><span style=\"color: #000000;\"><a style=\"color: #000000;\" href=\"https:\/\/i0.wp.com\/stoffe-boox.de\/wp\/wp-content\/uploads\/2013\/12\/Farbkarte-001-Kopie.jpg\" target=\"_blank\" rel=\"noopener\"><img data-recalc-dims=\"1\" loading=\"lazy\" decoding=\"async\" src=\"https:\/\/i0.wp.com\/stoffe-boox.de\/wp\/wp-content\/uploads\/2013\/12\/Farbkarte-001-Kopie.jpg?resize=100%2C300\" alt=\"Farbkarte Samt\" width=\"100\" height=\"300\" \/><\/a><\/span><\/p>\n<p style=\"text-align: center;\"><span style=\"color: #000000;\"><span style=\"color: #0000ff;\"><strong>&gt;<a style=\"color: #0000ff;\" href=\"https:\/\/stoffeboox.etsy.com\" target=\"_blank\" rel=\"noopener\">Zum ETSY-Angebot &#8211; Privatkunden<\/a>&lt;<\/strong><\/span><\/span><\/p>\n<pre class=\"ti-widget\"><template id=\"trustindex-amazon-widget-html\"><div class=\" ti-widget  ti-amaz ti-disable-font ti-show-rating-text ti-review-text-mode-readmore ti-text-align-left\" data-no-translation=\"true\" data-plugin-version=\"13.2.9\" data-layout-id=\"29\" data-layout-category=\"button\" data-set-id=\"drop-shadow\" data-pid=\"\" data-language=\"de\" data-close-locale=\"Schlie\u00dfen\" data-css-version=\"2\" data-size=\"1\"> <div class=\"ti-widget-container\"> <a href=\"https:\/\/www.amazon.de\/sp?seller=A1EGT1VUQ2WK80\" role=\"button\" target=\"_blank\" rel=\"noopener nofollow\" class=\"ti-header ti-header-grid source-Amazon\"> <div class=\"ti-fade-container\"> <div class=\"ti-mob-row\"> <span class=\"nowrap\"><strong>AUSGEZEICHNET<\/strong><\/span> <span class=\"ti-stars\"><trustindex-image class=\"ti-star\" data-imgurl=\"https:\/\/cdn.trustindex.io\/assets\/platform\/Amazon\/star\/f.svg\" alt=\"Amazon star 1\" width=\"17\" height=\"17\" loading=\"lazy\"><\/trustindex-image><trustindex-image class=\"ti-star\" data-imgurl=\"https:\/\/cdn.trustindex.io\/assets\/platform\/Amazon\/star\/f.svg\" alt=\"Amazon star 2\" width=\"17\" height=\"17\" loading=\"lazy\"><\/trustindex-image><trustindex-image class=\"ti-star\" data-imgurl=\"https:\/\/cdn.trustindex.io\/assets\/platform\/Amazon\/star\/f.svg\" alt=\"Amazon star 3\" width=\"17\" height=\"17\" loading=\"lazy\"><\/trustindex-image><trustindex-image class=\"ti-star\" data-imgurl=\"https:\/\/cdn.trustindex.io\/assets\/platform\/Amazon\/star\/f.svg\" alt=\"Amazon star 4\" width=\"17\" height=\"17\" loading=\"lazy\"><\/trustindex-image><trustindex-image class=\"ti-star\" data-imgurl=\"https:\/\/cdn.trustindex.io\/assets\/platform\/Amazon\/star\/f.svg\" alt=\"Amazon star 5\" width=\"17\" height=\"17\" loading=\"lazy\"><\/trustindex-image><\/span> <\/div> <div class=\"ti-mob-row\"> <div class=\"ti-small-logo\"><trustindex-image data-imgurl=\"http:\/\/stoffe-boox.de\/wp\/wp-content\/plugins\/review-widgets-for-amazon\/static\/img\/platform\/logo.svg?ver=do-not-care-13.2.9\" alt=\"Amazon\" width=\"150\" height=\"25\" loading=\"lazy\"><\/trustindex-image><\/div> <\/div> <\/div> <\/a> <\/div> <\/div> <\/template><\/pre><div data-src=\"https:\/\/cdn.trustindex.io\/loader.js?wp-widget\" data-template-id=\"trustindex-amazon-widget-html\" data-css-url=\"http:\/\/stoffe-boox.de\/wp\/wp-content\/uploads\/trustindex-amazon-widget.css?1762881963\"><\/div>\n\n\n<p><\/p>\n","protected":false},"excerpt":{"rendered":"<p>Samtstoff: K\u00f6niglich edel &amp; hochwertig | Meterware &amp; Coupons Entdecken Sie die luxuri\u00f6se Welt unseres exklusiven Baumwoll-Samts! Samt ist seit Jahrhunderten ein Inbegriff von Eleganz und Prestige. Als &#8222;Stoff der K\u00f6nige und Kaiser&#8220; bekannt, veredelt Samt Ihre Projekte und verleiht ihnen einen Hauch von Luxus. Unser hochwertiger Baumwoll-Samt vereint traditionelle Handwerkskunst mit modernen Anforderungen an Funktionalit\u00e4t und zeitloser Sch\u00f6nheit. Eigenschaften, die \u00fcberzeugen: 1. Wahl Baumwoll-Samt: Gewebt aus feinsten Baumwollfasern f\u00fcr eine au\u00dfergew\u00f6hnliche Qualit\u00e4t und Langlebigkeit. Gewicht: 420-460 g\/m\u00b2 (280-307 g\/m\u00b2). [&hellip;]<\/p>\n","protected":false},"author":1,"featured_media":0,"parent":0,"menu_order":2,"comment_status":"closed","ping_status":"closed","template":"template-fullwidth.php","meta":{"footnotes":""},"class_list":["post-86","page","type-page","status-publish","hentry"],"yoast_head":"<!-- This site is optimized with the Yoast SEO plugin v26.8 - https:\/\/yoast.com\/product\/yoast-seo-wordpress\/ -->\n<title>Exklusiver Baumwollsamt<\/title>\n<meta name=\"description\" content=\"Samt Meterware, kurzfristig lieferbar zu TOP Konditionen als Meterware. Fordern Sie noch heute unsere Farbkarte an!\" \/>\n<meta name=\"robots\" content=\"index, follow, max-snippet:-1, max-image-preview:large, max-video-preview:-1\" \/>\n<link rel=\"canonical\" href=\"http:\/\/stoffe-boox.de\/wp\/?page_id=86\" \/>\n<meta property=\"og:locale\" content=\"de_DE\" \/>\n<meta property=\"og:type\" content=\"article\" \/>\n<meta property=\"og:title\" content=\"Exklusiver Baumwollsamt\" \/>\n<meta property=\"og:description\" content=\"Samt Meterware, kurzfristig lieferbar zu TOP Konditionen als Meterware. Fordern Sie noch heute unsere Farbkarte an!\" \/>\n<meta property=\"og:url\" content=\"http:\/\/stoffe-boox.de\/wp\/?page_id=86\" \/>\n<meta property=\"og:site_name\" content=\"Stoffe-Boox\" \/>\n<meta property=\"article:publisher\" content=\"https:\/\/www.facebook.com\/pages\/Stoffe-Boox\/517305305050660\" \/>\n<meta property=\"article:modified_time\" content=\"2025-02-07T18:17:50+00:00\" \/>\n<meta property=\"og:image\" content=\"https:\/\/i0.wp.com\/stoffe-boox.de\/wp\/wp-content\/uploads\/2022\/02\/7011.jpg?resize=150%2C150\" \/>\n<meta name=\"twitter:label1\" content=\"Gesch\u00e4tzte Lesezeit\" \/>\n\t<meta name=\"twitter:data1\" content=\"3\u00a0Minuten\" \/>\n<script type=\"application\/ld+json\" class=\"yoast-schema-graph\">{\"@context\":\"https:\/\/schema.org\",\"@graph\":[{\"@type\":\"WebPage\",\"@id\":\"http:\/\/stoffe-boox.de\/wp\/?page_id=86\",\"url\":\"http:\/\/stoffe-boox.de\/wp\/?page_id=86\",\"name\":\"Exklusiver Baumwollsamt\",\"isPartOf\":{\"@id\":\"http:\/\/stoffe-boox.de\/wp\/#website\"},\"primaryImageOfPage\":{\"@id\":\"http:\/\/stoffe-boox.de\/wp\/?page_id=86#primaryimage\"},\"image\":{\"@id\":\"http:\/\/stoffe-boox.de\/wp\/?page_id=86#primaryimage\"},\"thumbnailUrl\":\"http:\/\/stoffe-boox.de\/wp\/wp-content\/uploads\/2013\/12\/Farbkarte-001-Kopie.jpg\",\"datePublished\":\"2013-12-18T15:14:25+00:00\",\"dateModified\":\"2025-02-07T18:17:50+00:00\",\"description\":\"Samt Meterware, kurzfristig lieferbar zu TOP Konditionen als Meterware. Fordern Sie noch heute unsere Farbkarte an!\",\"breadcrumb\":{\"@id\":\"http:\/\/stoffe-boox.de\/wp\/?page_id=86#breadcrumb\"},\"inLanguage\":\"de\",\"potentialAction\":[{\"@type\":\"ReadAction\",\"target\":[\"http:\/\/stoffe-boox.de\/wp\/?page_id=86\"]}]},{\"@type\":\"ImageObject\",\"inLanguage\":\"de\",\"@id\":\"http:\/\/stoffe-boox.de\/wp\/?page_id=86#primaryimage\",\"url\":\"https:\/\/i0.wp.com\/stoffe-boox.de\/wp\/wp-content\/uploads\/2013\/12\/Farbkarte-001-Kopie.jpg?fit=%2C\",\"contentUrl\":\"https:\/\/i0.wp.com\/stoffe-boox.de\/wp\/wp-content\/uploads\/2013\/12\/Farbkarte-001-Kopie.jpg?fit=%2C\",\"caption\":\"Farbkarte\"},{\"@type\":\"BreadcrumbList\",\"@id\":\"http:\/\/stoffe-boox.de\/wp\/?page_id=86#breadcrumb\",\"itemListElement\":[{\"@type\":\"ListItem\",\"position\":1,\"name\":\"Home\",\"item\":\"http:\/\/stoffe-boox.de\/wp\"},{\"@type\":\"ListItem\",\"position\":2,\"name\":\"Baumwollsamt\"}]},{\"@type\":\"WebSite\",\"@id\":\"http:\/\/stoffe-boox.de\/wp\/#website\",\"url\":\"http:\/\/stoffe-boox.de\/wp\/\",\"name\":\"Stoffe Boox\",\"description\":\"Textilgrosshandel\",\"potentialAction\":[{\"@type\":\"SearchAction\",\"target\":{\"@type\":\"EntryPoint\",\"urlTemplate\":\"http:\/\/stoffe-boox.de\/wp\/?s={search_term_string}\"},\"query-input\":{\"@type\":\"PropertyValueSpecification\",\"valueRequired\":true,\"valueName\":\"search_term_string\"}}],\"inLanguage\":\"de\"}]}<\/script>\n<!-- \/ Yoast SEO plugin. -->","yoast_head_json":{"title":"Exklusiver Baumwollsamt","description":"Samt Meterware, kurzfristig lieferbar zu TOP Konditionen als Meterware. Fordern Sie noch heute unsere Farbkarte an!","robots":{"index":"index","follow":"follow","max-snippet":"max-snippet:-1","max-image-preview":"max-image-preview:large","max-video-preview":"max-video-preview:-1"},"canonical":"http:\/\/stoffe-boox.de\/wp\/?page_id=86","og_locale":"de_DE","og_type":"article","og_title":"Exklusiver Baumwollsamt","og_description":"Samt Meterware, kurzfristig lieferbar zu TOP Konditionen als Meterware. Fordern Sie noch heute unsere Farbkarte an!","og_url":"http:\/\/stoffe-boox.de\/wp\/?page_id=86","og_site_name":"Stoffe-Boox","article_publisher":"https:\/\/www.facebook.com\/pages\/Stoffe-Boox\/517305305050660","article_modified_time":"2025-02-07T18:17:50+00:00","og_image":[{"url":"https:\/\/i0.wp.com\/stoffe-boox.de\/wp\/wp-content\/uploads\/2022\/02\/7011.jpg?resize=150%2C150","type":"","width":"","height":""}],"twitter_misc":{"Gesch\u00e4tzte Lesezeit":"3\u00a0Minuten"},"schema":{"@context":"https:\/\/schema.org","@graph":[{"@type":"WebPage","@id":"http:\/\/stoffe-boox.de\/wp\/?page_id=86","url":"http:\/\/stoffe-boox.de\/wp\/?page_id=86","name":"Exklusiver Baumwollsamt","isPartOf":{"@id":"http:\/\/stoffe-boox.de\/wp\/#website"},"primaryImageOfPage":{"@id":"http:\/\/stoffe-boox.de\/wp\/?page_id=86#primaryimage"},"image":{"@id":"http:\/\/stoffe-boox.de\/wp\/?page_id=86#primaryimage"},"thumbnailUrl":"http:\/\/stoffe-boox.de\/wp\/wp-content\/uploads\/2013\/12\/Farbkarte-001-Kopie.jpg","datePublished":"2013-12-18T15:14:25+00:00","dateModified":"2025-02-07T18:17:50+00:00","description":"Samt Meterware, kurzfristig lieferbar zu TOP Konditionen als Meterware. Fordern Sie noch heute unsere Farbkarte an!","breadcrumb":{"@id":"http:\/\/stoffe-boox.de\/wp\/?page_id=86#breadcrumb"},"inLanguage":"de","potentialAction":[{"@type":"ReadAction","target":["http:\/\/stoffe-boox.de\/wp\/?page_id=86"]}]},{"@type":"ImageObject","inLanguage":"de","@id":"http:\/\/stoffe-boox.de\/wp\/?page_id=86#primaryimage","url":"https:\/\/i0.wp.com\/stoffe-boox.de\/wp\/wp-content\/uploads\/2013\/12\/Farbkarte-001-Kopie.jpg?fit=%2C","contentUrl":"https:\/\/i0.wp.com\/stoffe-boox.de\/wp\/wp-content\/uploads\/2013\/12\/Farbkarte-001-Kopie.jpg?fit=%2C","caption":"Farbkarte"},{"@type":"BreadcrumbList","@id":"http:\/\/stoffe-boox.de\/wp\/?page_id=86#breadcrumb","itemListElement":[{"@type":"ListItem","position":1,"name":"Home","item":"http:\/\/stoffe-boox.de\/wp"},{"@type":"ListItem","position":2,"name":"Baumwollsamt"}]},{"@type":"WebSite","@id":"http:\/\/stoffe-boox.de\/wp\/#website","url":"http:\/\/stoffe-boox.de\/wp\/","name":"Stoffe Boox","description":"Textilgrosshandel","potentialAction":[{"@type":"SearchAction","target":{"@type":"EntryPoint","urlTemplate":"http:\/\/stoffe-boox.de\/wp\/?s={search_term_string}"},"query-input":{"@type":"PropertyValueSpecification","valueRequired":true,"valueName":"search_term_string"}}],"inLanguage":"de"}]}},"jetpack_sharing_enabled":false,"_links":{"self":[{"href":"http:\/\/stoffe-boox.de\/wp\/index.php?rest_route=\/wp\/v2\/pages\/86","targetHints":{"allow":["GET"]}}],"collection":[{"href":"http:\/\/stoffe-boox.de\/wp\/index.php?rest_route=\/wp\/v2\/pages"}],"about":[{"href":"http:\/\/stoffe-boox.de\/wp\/index.php?rest_route=\/wp\/v2\/types\/page"}],"author":[{"embeddable":true,"href":"http:\/\/stoffe-boox.de\/wp\/index.php?rest_route=\/wp\/v2\/users\/1"}],"replies":[{"embeddable":true,"href":"http:\/\/stoffe-boox.de\/wp\/index.php?rest_route=%2Fwp%2Fv2%2Fcomments&post=86"}],"version-history":[{"count":10,"href":"http:\/\/stoffe-boox.de\/wp\/index.php?rest_route=\/wp\/v2\/pages\/86\/revisions"}],"predecessor-version":[{"id":326,"href":"http:\/\/stoffe-boox.de\/wp\/index.php?rest_route=\/wp\/v2\/pages\/86\/revisions\/326"}],"wp:attachment":[{"href":"http:\/\/stoffe-boox.de\/wp\/index.php?rest_route=%2Fwp%2Fv2%2Fmedia&parent=86"}],"curies":[{"name":"wp","href":"https:\/\/api.w.org\/{rel}","templated":true}]}}